{"id":3,"date":"2021-06-05T06:33:31","date_gmt":"2021-06-05T06:33:31","guid":{"rendered":"https:\/\/sitramasterbatch.com\/?page_id=3"},"modified":"2023-12-14T16:21:16","modified_gmt":"2023-12-14T15:21:16","slug":"privacy-policy","status":"publish","type":"page","link":"https:\/\/sitramasterbatch.com\/en\/privacy-policy\/","title":{"rendered":"Privacy Policy"},"content":{"rendered":"<div data-elementor-type=\"wp-page\" data-elementor-id=\"3\" class=\"elementor elementor-3\">\n\t\t\t\t\t\t<section class=\"elementor-section elementor-top-section elementor-element elementor-element-66534097 elementor-section-boxed elementor-section-height-default elementor-section-height-default\" data-id=\"66534097\" data-element_type=\"section\" data-e-type=\"section\">\n\t\t\t\t\t\t<div class=\"elementor-container elementor-column-gap-default\">\n\t\t\t\t\t<div class=\"elementor-column elementor-col-100 elementor-top-column elementor-element elementor-element-67c770ef\" data-id=\"67c770ef\" data-element_type=\"column\" data-e-type=\"column\">\n\t\t\t<div class=\"elementor-widget-wrap elementor-element-populated\">\n\t\t\t\t\t\t<div class=\"elementor-element elementor-element-2711339 elementor-widget elementor-widget-spacer\" data-id=\"2711339\" data-element_type=\"widget\" data-e-type=\"widget\" data-widget_type=\"spacer.default\">\n\t\t\t\t<div class=\"elementor-widget-container\">\n\t\t\t\t\t\t\t<div class=\"elementor-spacer\">\n\t\t\t<div class=\"elementor-spacer-inner\"><\/div>\n\t\t<\/div>\n\t\t\t\t\t\t<\/div>\n\t\t\t\t<\/div>\n\t\t\t\t<div class=\"elementor-element elementor-element-7a2d3cee elementor-widget elementor-widget-text-editor\" data-id=\"7a2d3cee\" data-element_type=\"widget\" data-e-type=\"widget\" data-widget_type=\"text-editor.default\">\n\t\t\t\t<div class=\"elementor-widget-container\">\n\t\t\t\t\t\t\t\t\t<p><\/p>\n<h1 class=\"wp-block-heading\">Privacy Policy<\/h1>\n<h1>Informazioni sulla protezione dei dati<\/h1>\n<p>Informativa ai sensi dell\u2019art. 13 del Regolamento (UE) 2016\/679 del Parlamento Europeo e del Consiglio<\/p>\n<p>Benvenuti nel sito web <strong>www.sitramasterbatch.com<\/strong> (di seguito \u201cSito Web\u201d) gestito da <strong>Sitra S.p.A<\/strong>.<\/p>\n<p>Con la presente Privacy Policy, Sitra, quale titolare autonoma del trattamento, fornisce le informazioni relative al trattamento dei dati personali, che vengono raccolti automaticamente o che vengono conferiti dall\u2019utente, accedendo al Sito Web, navigando e utilizzando i servizi ivi previsti (di seguito \u201cServizi\u201d).<\/p>\n<p>Sitra S.p.A. invita, pertanto, l\u2019utente a prestare attenzione nell\u2019aderire a servizi offerti da soggetti terzi, a leggere le informative sul trattamento dei dati da essi fornite e in relazione alle quali Sitra S.p.A. non pu\u00f2 svolgere alcun controllo, n\u00e9 essere ritenute responsabili.<\/p>\n<h1>Owner and Data Controller<\/h1>\n<p>Titolare del trattamento rispetto alle attivit\u00e0 di rispettiva competenza \u00e8 Sitra S.p.A. (C.F. 01341060638 e P. IVA 01341060638, con sede legale in Napoli, Via Torquato Tasso n. 480<\/p>\n<p><b>Owner contact email:<\/b>: info@sitramasterbatch.com<span style=\"font-size: 16px;\">, (di seguito \u201cTitolare\u201d).<\/span><\/p>\n<h1>Responsabile della protezione dei dati<\/h1>\n<p>Il Responsabile della protezione dei dati nominato da Sitra \u00e8 Bo Pyskow di Sixtus Compliance ApS, Store Regnegade 2 DK-1110 Copenhagen, contattabile all&#8217;indirizzo e-mail bo@sixtus-compliance.dk.<\/p>\n<h1>Types of Data collected<\/h1>\n<p>Per dato personale si intende qualsiasi informazione che riguarda l\u2019utente ed \u00e8 a esso riferibile.<\/p>\n<p>Per consentire la navigazione del Sito Web e la fruizione dei relativi Servizi (quali, ad esempio, creare un\u2019area personale \u00a0ed entrare in contatto con Sitra), il trattamento pu\u00f2 riguardare:<\/p>\n<h2>Dati di navigazione<\/h2>\n<p>In caso di accesso e navigazione del Sito Web, Sitra raccoglie, in genere e ciascuno per gli ambiti di rispettiva competenza, i dati di navigazione mediante i cookie o altre tecnologie di tracciamento.<\/p>\n<p>I sistemi informatici e le procedure software preposte al funzionamento del Sito Web acquisiscono, nel corso del loro normale esercizio e automaticamente, alcuni dati personali di navigazione, la cui trasmissione \u00e8 implicita nell\u2019uso dei protocolli di comunicazione alla rete internet.<\/p>\n<p>In questa categoria di dati rientrano, ad esempio gli indirizzi IP o i nomi a dominio dei computer utilizzati per connettersi al Sito Web, gli indirizzi in notazione URI (Uniform Resource Identifier) delle risorse richieste, l\u2019orario della richiesta, il metodo utilizzato nel sottoporre la richiesta al server, la dimensione del file ottenuto in risposta, il codice numerico indicante lo stato della risposta data dal server (buon fine, errore, ecc.), nonch\u00e9 altri parametri relativi al sistema operativo e all\u2019ambiente informatico dell\u2019utente.<\/p>\n<p>Questi dati, necessari per l\u2019accesso al Sito Web e per la sua fruizione, vengono trattati in forma anonima e aggregata al solo fine di ottenere informazioni statistiche sull\u2019uso dei Servizi (come ad esempio, pagine pi\u00f9 visitate, numero di visitatori per fascia oraria o giornaliera, aree geografiche di provenienza, ecc.) e per controllarne il loro corretto funzionamento.<\/p>\n<p>I dati di navigazione sono conservati per non pi\u00f9 di 7 (sette) giorni e vengono cancellati immediatamente dopo la loro aggregazione, fatta salva l\u2019eventuale necessit\u00e0 di accertamento di reati da parte dell\u2019Autorit\u00e0 giudiziaria.<\/p>\n<h2>Dati forniti volontariamente dall&#8217;utente<\/h2>\n<p>Il Titolare tratta, altres\u00ec, i dati personali forniti volontariamente dall\u2019utente durante l\u2019interazione con i Servizi forniti dal Sito Web. In alcune specifiche sezioni del Sito Web in cui sono raccolti i dati dell\u2019utente (quali Newsletter e Richiesta campionatura) sono pubblicate specifiche informative sul trattamento dei dati ai sensi dell\u2019art. 13 del Regolamento UE n. 2016\/679 (di seguito \u201cRegolamento\u201d); in tutti gli altri casi, invece, si rimanda al contenuto del presente documento. I dati forniti volontariamente dall\u2019utente sono:<\/p>\n<ul>\n<li>indirizzo di posta elettronica, data di nascita e informazioni relative al sesso biologico per l\u2019iscrizione alla newsletter;<\/li>\n<li>nome, cognome, luogo e data di nascita, residenza, cittadinanza, recapiti telefonici, indirizzo di posta elettronica, nonch\u00e9 gli ulteriori dati indicati nel curriculum vitae (come ad esempio formazione scolastica, esperienze professionali, interessi personali, immagine), nella lettera di presentazione e\/o nel modulo di candidatura, tra cui anche quelli che rivelino l\u2019origine razziale o etnica e quelli relativi alla salute, per inviare la propria candidatura;<\/li>\n<li>nome, cognome, indirizzo di posta elettronica, recapito telefonico, numero dell\u2019ordine ed eventuali ulteriori dati forniti nella compilazione del modulo di richiesta oppure telefonicamente per richiedere assistenza o usufruire del customer care;<\/li>\n<li>nome, cognome, data di nascita, informazioni relative al sesso biologico, recapiti telefonici, indirizzo di posta elettronica, password e gli ulteriori ed eventuali dati forniti nella compilazione del profilo per la creazione dell\u2019account personale;<\/li>\n<\/ul>\n<p>(di seguito complessivamente \u201cDati\u201d).<\/p>\n<p>\u00a0<\/p>\n<h1>Finalita\u0300, basi giuridiche del trattamento e natura del conferimento\u00a0<\/h1>\n<p>I Dati sono trattati per le seguenti finalit\u00e0:<\/p>\n<p>a) consentire la navigazione del Sito Web, ricavare informazioni statiche anonime sul suo uso, nonch\u00e9 controllarne il corretto funzionamento e accertare la responsabilit\u00e0 in ipotesi di reati informatici (di seguito \u201cNavigazione del Sito Web\u201d). Il trattamento effettuato da Sitra trova base giuridica nel legittimo interesse della stessa (art. 6.1 f) Regolamento);<\/p>\n<p>b) customer care, anche ai fini della gestione di eventuali richieste e\/o reclami, nonch\u00e9 resi (di seguito \u201cCustomer care\u201d). Il trattamento effettuato dal Titolare trova base giuridica nell\u2019esecuzione del contratto e di misure precontrattuali (art. 6.1 b) Regolamento);<\/p>\n<p>c) consentire l\u2019iscrizione alla newsletter e invio di comunicazioni aventi contenuto informativo e promozionale dei prodotti a marchio Sitra, dei servizi e degli eventi (di seguito \u201cNewsletter\u201d). Il trattamento effettuato da Sitra trova base giuridica nel consenso espresso (art. 6.1 a) Regolamento);<\/p>\n<p>d) invio di comunicazioni aventi contenuto commerciale e promozionale dei prodotti a marchio Sitra e dei servizi, affini a quelli acquistati c.d. soft spam (di seguito \u201cSoft Spam\u201d). Il trattamento effettuato dal Titolare trova base giuridica nel legittimo interesse (art. 6.1 f) Regolamento);<\/p>\n<p>e) registrazione all\u2019area personale \u201cLogin\u201d, creazione del relativo profilo e fruizione dei servizi riservati agli utenti registrati (di seguito \u201cArea Personale\u201d). Il trattamento effettuato da Sitra trova base giuridica nel consenso espresso (art. 6.1 a) Regolamento);<\/p>\n<p>f) esercizio e difesa dei diritti del Titolare in ogni sede anche giudiziaria, amministrativa, nelle procedure arbitrali e\/o di mediazione e conciliazione (di seguito \u201cDifesa\u201d). Il trattamento effettuato dal Titolare trova base giuridica nel legittimo interesse degli stessi (art. 6.1 f) Regolamento).<\/p>\n<p>Fatta eccezione per i dati di navigazione (raccolti automaticamente da sistema), il conferimento dei Dati ha natura:<\/p>\n<ul>\n<li>necessaria per il perseguimento delle finalit\u00e0 di cui al precedente punto 4). Pertanto, il mancato conferimento dei Dati contrassegnati con (*) da parte dell\u2019utente comporta l\u2019impossibilit\u00e0 per il Titolare di adempiere a quanto richiesto;<\/li>\n<li>facoltativa per il perseguimento delle finalit\u00e0 di cui al precedente punto 4). Pertanto, il mancato conferimento dei Dati comporta l\u2019oggettiva impossibilit\u00e0 per il Titolare di procedere con quanto richiesto dall\u2019utente (ad esempio, l\u2019invio di newsletter, lo svolgimento di attivit\u00e0 di profilazione, la creazione del profilo personale, l\u2019iscrizione) senza, comunque, pregiudicare il perseguimento delle finalit\u00e0 di cui al precedente punto 4) lettere b), c) e l\u2019utilizzo del Sito Web.<\/li>\n<\/ul>\n<h1>Cookie<\/h1>\n<p>Il Sito Web utilizza cookie tecnici, analitici e di profilazione, anche di terza parte. Maggiori informazioni circa le caratteristiche dei cookie utilizzati dal Sito Web sono reperibili nella <a href=\"https:\/\/sitramasterbatch.com\/en\/cookie-policy\/\">Cookie Policy<\/a>.<\/p>\n<h1>Modalit\u00e0 del trattamento<\/h1>\n<p>Nell\u2019ambito delle finalit\u00e0 indicate al precedente punto 4), il trattamento dei Dati avverr\u00e0 prevalentemente con mezzi elettronici e automatizzati, nonch\u00e9 in forma cartacea nel rispetto delle disposizioni normative in materia di trattamento dei dati personali, adottando le misure di sicurezza adeguate.<\/p>\n<p>Il trattamento dei Dati \u00e8 gestito da personale interno a Sitra (personale dipendente, amministratori di sistema ed eventuali collaboratori) appositamente autorizzato, formato e istruito per garantire l\u2019adeguata sicurezza e riservatezza, nonch\u00e9 per evitare rischi di perdita e\/o distruzione e accessi da parte di soggetti non autorizzati.<\/p>\n<h1>Comunicazione dei dati<\/h1>\n<p>I Dati non saranno oggetto di diffusione. Nei limiti strettamente pertinenti alle finalit\u00e0 indicate al precedente punto 4), i Dati possono essere comunicati a:<\/p>\n<ul>\n<li>soggetti esterni al Titolare che, in qualit\u00e0 di titolare autonomo del trattamento o di responsabili del trattamento ai sensi dell\u2019art. 28 del Regolamento, sono coinvolti nelle operazioni di trattamento dei Dati, quali a titolo esemplificativo istituti di credito, internet provider, societ\u00e0 di trasporto, societ\u00e0 addetta all\u2019attivit\u00e0 di marketing, soggetto che si occupa dell\u2019infrastruttura informatica e della relativa gestione e manutenzione, societ\u00e0 che si occupa della sicurezza del sistema e dei controlli antifrode, societ\u00e0 addetta alla gestione del Sito Web, consulente fiscale, societ\u00e0 che si occupa della gestione del call center, societ\u00e0 che gestiscono i punti vendita fisici;<\/li>\n<li>soggetti legittimati ai sensi di legge o di regolamento, quali a titolo esemplificativo le autorit\u00e0 pubbliche competenti e l\u2019autorit\u00e0 giudiziaria.<\/li>\n<\/ul>\n<p>L\u2019elenco aggiornato di tutti i responsabili del trattamento pu\u00f2 essere richiesto al Titolare inviando una comunicazione a mezzo posta elettronica all\u2019indirizzo info@sitramasterbatch.com.<\/p>\n<h1>Periodo di conservazione dei dati<\/h1>\n<p>Il Titolare conserva i Dati per il periodo di tempo strettamente necessario al perseguimento delle rispettive finalit\u00e0 per cui detti Dati sono stati raccolti. Nello specifico i Dati trattati per la finalit\u00e0 di:<\/p>\n<ul>\n<li>Customer care, saranno conservati per il periodo di tempo strettamente necessario al raggiungimento della finalit\u00e0;<\/li>\n<li>Newsletter saranno conservati fintanto che non verr\u00e0 revocato il consenso da parte dell\u2019utente;<\/li>\n<li>Soft Spam saranno conservati fintanto che non verr\u00e0 esercitato il diritto di opposizione da parte dell\u2019utente;<\/li>\n<li>Area Personale, saranno conservati fino alla chiusura del profilo da parte dell\u2019utente che potr\u00e0 essere richiesta in ogni momento;<\/li>\n<\/ul>\n<p>Fermo, comunque, restando il diritto di revoca del consenso per quei trattamenti che trovano fondamento in tale base giuridica, il diritto di opposizione al trattamento, nonch\u00e9 l\u2019adempimento di specifici obblighi di conservazione previsti dalla legge e l\u2019esercizio del diritto di difesa in caso di controversia.<\/p>\n<h1>Diritti dell&#8217;interessato<\/h1>\n<p>Con riferimento ai Dati \u00e8 previsto il diritto di chiedere a Sitra con le modalit\u00e0 indicate dal Regolamento e ferme restando le disposizioni e limitazioni di cui al D. Lgs. n. 196\/2003 (Parte I &#8211; Titolo I &#8211; Capo III):<\/p>\n<ul>\n<li>l\u2019accesso, nei casi previsti (art. 15 Regolamento);<\/li>\n<li>la rettifica dei dati inesatti e l\u2019integrazione di quelli incompleti (art. 16 Regolamento);<\/li>\n<li>la cancellazione dei dati per i motivi previsti (art. 17 Regolamento), come ad esempio quanto non siano pi\u00f9 necessari rispetto alle finalit\u00e0 sopra indicate o non siano trattati nel rispetto del Regolamento;<\/li>\n<li>la limitazione del trattamento per le ipotesi previste (art. 18 Regolamento), come nel caso si contesti l\u2019esattezza dei dati e occorra verificarne la correttezza;<\/li>\n<li>la portabilit\u00e0, vale a dire il diritto di ricevere, nei casi previsti (art. 20 Regolamento), in un formato strutturato di uso comune e leggibile da dispositivo automatico i dati e di trasmettere detti dati ad un altro titolare del trattamento;<\/li>\n<li>l\u2019opposizione del trattamento, nei casi previsti (art. 21 Regolamento).<\/li>\n<\/ul>\n<p>\u00c8 riconosciuto altres\u00ec il diritto di non essere sottoposto a decisione basata unicamente sul trattamento automatizzato, compresa la profilazione, che produca effetti giuridici che riguardano l\u2019utente o che incida in modo analogo significatamene sulla sua persona, qualora non abbia preventivamente ed esplicitamente prestato il proprio consenso (art. 22 Regolamento). A mero titolo esemplificativo e non esaustivo, rientra in questa categoria qualsiasi forma di trattamento automatizzato di dati personali teso ad analizzare o prevedere aspetti riguardanti le scelte di consumo e di acquisto, la situazione economica, gli interessi, l\u2019affidabilit\u00e0, il comportamento.<\/p>\n<p>Tutti i diritti sopra elencati potranno essere esercitati inviando a\u00a0<span style=\"font-size: 16px;\">Sitra una comunicazione a mezzo posta elettronica all\u2019indirizzo info@sitramasterbatch.com o a mezzo lettera raccomandata all\u2019indirizzo della stessa: Napoli, Via Torquato Tasso n. 480.<\/span><\/p>\n<p>In entrambi i casi, nella comunicazione l\u2019utente dovr\u00e0 specificare: nome, cognome, dettagli della richiesta e recapiti.<\/p>\n<p>Inoltre per non ricevere pi\u00f9 la newsletter sar\u00e0 possibile disiscriversi cliccando il pulsante \u201ccancella iscrizione \/ disiscriviti\u201d in calce ad ogni comunicazione.<\/p>\n<h1>Reclamo<\/h1>\n<p>Nel caso l\u2019utente ritenga che il trattamento violi le disposizioni contenute nel Regolamento, \u00e8 previsto il diritto di proporre reclamo al Garante per la protezione dei dati personali secondo quanto indicato dall\u2019art. 77 del Regolamento stesso.<\/p>\n<h1>Trasferimento di dati verso Paesi terzi<\/h1>\n<p>Per l\u2019erogazione dei Servizi, i Dati potrebbero essere oggetto di trasferimento verso paesi terzi. In tal caso, il Titolarie si impegna ad assicurare che il trasferimento dei Dati in detti paesi avvenga nel rispetto di quanto previsto dal Regolamento e, nello specifico, in presenza di adeguate garanzie (decisioni di adeguatezza, clausole contrattuali standard approvate dalla Commissione Europea, ecc.).<\/p>\n<p>Maggiori informazioni possono comunque essere richieste rivolgendosi al Titolare agli indirizzi di posta elettronica info@sitramasterbatch.com.<\/p>\n<h1>Minori<\/h1>\n<p>\u00c8 fatto esplicito divieto ai minori di anni sedici (16) di usufruire dei Servizi presenti sul Sito Web. In considerazione delle tecnologie disponibili e dei Servizi erogati, il Titolare ha adottato dei sistemi di verifica anagrafica volti ad appurare che il consenso al trattamento dei dati personali del minore venga prestato o autorizzato dal soggetto esercente la responsabilit\u00e0 genitoriale. Con la registrazione sul Sito Web l\u2019utente conferma di aver raggiunto l\u2019et\u00e0 prevista dal paese di residenza.<\/p>\n<h1>Policy data breach<\/h1>\n<p>Sitra ha adottato una procedura per la gestione di eventuali violazioni di dati personali e ha previsto al suo interno la costituzione di un apposito responsabile, che si occuper\u00e0 dell\u2019analisi dell\u2019evento e dell\u2019esecuzione della valutazione circa il grado di rischio. Ci\u00f2, al fine di determinare la sussistenza o meno della violazione e di porre in essere tutti gli adempimenti richiesti dagli artt. 33 e 34 del Regolamento.<\/p>\n<p>In particolare, qualora la violazione dovesse comportare un rischio elevato per i diritti e le libert\u00e0 degli utenti Sitra sar\u00e0 tenuta non solo ad effettuare la notifica al Garante per la protezione dei dati personali entro il termine di 72 ore dal momento in cui ne \u00e8 venuto a conoscenza, ma anche a darne comunicazione a tutti gli utenti coinvolti, al fine di consentire a questi ultimi di adottare idonee precauzioni volte a ridurre al minimo il potenziale danno derivante dalla violazione.<\/p>\n<p>Nella comunicazione per gli utenti, Sitra andr\u00e0 ad indicare:<\/p>\n<ul>\n<li>il nome e i dati di contatto del Responsabile della protezione dei dati o di altro punto di contatto presso cui ottenere pi\u00f9 informazioni;<\/li>\n<li>le probabili conseguenze della violazione dei dati personali;<\/li>\n<li>le misure adottate o di cui si propone l&#8217;adozione per porre rimedio alla violazione dei dati personali e anche, se del caso, per attenuarne i possibili effetti negativi.<\/li>\n<\/ul>\n<p>Detta comunicazione non verr\u00e0, invece, prevista qualora: i) Sitra abbia messo in atto misure tecniche ed organizzative adeguate di protezione sui dati oggetto della violazione; ii) Sitra abbia successivamente adottato misure atte a scongiurare nuovi rischi elevati per i diritti e le libert\u00e0 degli utenti e iii) questa richieda sforzi sproporzionati. In questo ultimo caso, Sitra potr\u00e0 predisporre una comunicazione pubblica o una misura simile.<\/p>\n<p>In considerazione delle tempistiche ridotte per procedere con la notifica al Garante per la protezione dei dati personali, Sitra invita:<\/p>\n<ul>\n<li>i soggetti nominati responsabili del trattamento o sub-responsabili del trattamento ai sensi dell\u2019art. 28 del Regolamento a comunicare la violazione rispettivamente entro il termine di 24 e 12 ore dalla scoperta;<\/li>\n<li>chiunque venga a conoscenza di una violazione di dati personali a comunicarla tempestivamente, scrivendo all\u2019indirizzo di posta elettronica info@sitramasterbatch.com, affinch\u00e9 questa venga presa in carico da Sitra, che proceder\u00e0 come da procedura.<\/li>\n<\/ul>\n<p>Ultima modifica: 13 dicembre 2023\u00a0<\/p>\n<p><\/p>\t\t\t\t\t\t\t\t<\/div>\n\t\t\t\t<\/div>\n\t\t\t\t<div class=\"elementor-element elementor-element-60c8799 elementor-widget elementor-widget-spacer\" data-id=\"60c8799\" data-element_type=\"widget\" data-e-type=\"widget\" data-widget_type=\"spacer.default\">\n\t\t\t\t<div class=\"elementor-widget-container\">\n\t\t\t\t\t\t\t<div class=\"elementor-spacer\">\n\t\t\t<div class=\"elementor-spacer-inner\"><\/div>\n\t\t<\/div>\n\t\t\t\t\t\t<\/div>\n\t\t\t\t<\/div>\n\t\t\t\t\t<\/div>\n\t\t<\/div>\n\t\t\t\t\t<\/div>\n\t\t<\/section>\n\t\t\t\t<\/div>","protected":false},"excerpt":{"rendered":"<p>Privacy Policy Informazioni sulla protezione dei dati Informativa ai sensi dell\u2019art. 13 del Regolamento (UE) 2016\/679 del Parlamento Europeo e del Consiglio Benvenuti nel sito web www.sitramasterbatch.com (di seguito \u201cSito Web\u201d) gestito da Sitra S.p.A. Con la presente Privacy Policy, Sitra, quale titolare autonoma del trattamento, fornisce le informazioni relative al trattamento dei dati personali, [&hellip;]<\/p>\n","protected":false},"author":1,"featured_media":0,"parent":0,"menu_order":0,"comment_status":"closed","ping_status":"open","template":"elementor_header_footer","meta":{"ocean_post_layout":"full-screen","ocean_both_sidebars_style":"","ocean_both_sidebars_content_width":0,"ocean_both_sidebars_sidebars_width":0,"ocean_sidebar":"0","ocean_second_sidebar":"0","ocean_disable_margins":"enable","ocean_add_body_class":"","ocean_shortcode_before_top_bar":"","ocean_shortcode_after_top_bar":"","ocean_shortcode_before_header":"","ocean_shortcode_after_header":"","ocean_has_shortcode":"","ocean_shortcode_after_title":"","ocean_shortcode_before_footer_widgets":"","ocean_shortcode_after_footer_widgets":"","ocean_shortcode_before_footer_bottom":"","ocean_shortcode_after_footer_bottom":"","ocean_display_top_bar":"default","ocean_display_header":"default","ocean_header_style":"","ocean_center_header_left_menu":"0","ocean_custom_header_template":"0","ocean_custom_logo":0,"ocean_custom_retina_logo":0,"ocean_custom_logo_max_width":0,"ocean_custom_logo_tablet_max_width":0,"ocean_custom_logo_mobile_max_width":0,"ocean_custom_logo_max_height":0,"ocean_custom_logo_tablet_max_height":0,"ocean_custom_logo_mobile_max_height":0,"ocean_header_custom_menu":"0","ocean_menu_typo_font_family":"0","ocean_menu_typo_font_subset":"","ocean_menu_typo_font_size":0,"ocean_menu_typo_font_size_tablet":0,"ocean_menu_typo_font_size_mobile":0,"ocean_menu_typo_font_size_unit":"px","ocean_menu_typo_font_weight":"","ocean_menu_typo_font_weight_tablet":"","ocean_menu_typo_font_weight_mobile":"","ocean_menu_typo_transform":"","ocean_menu_typo_transform_tablet":"","ocean_menu_typo_transform_mobile":"","ocean_menu_typo_line_height":0,"ocean_menu_typo_line_height_tablet":0,"ocean_menu_typo_line_height_mobile":0,"ocean_menu_typo_line_height_unit":"","ocean_menu_typo_spacing":0,"ocean_menu_typo_spacing_tablet":0,"ocean_menu_typo_spacing_mobile":0,"ocean_menu_typo_spacing_unit":"","ocean_menu_link_color":"","ocean_menu_link_color_hover":"","ocean_menu_link_color_active":"","ocean_menu_link_background":"","ocean_menu_link_hover_background":"","ocean_menu_link_active_background":"","ocean_menu_social_links_bg":"","ocean_menu_social_hover_links_bg":"","ocean_menu_social_links_color":"","ocean_menu_social_hover_links_color":"","ocean_disable_title":"on","ocean_disable_heading":"default","ocean_post_title":"","ocean_post_subheading":"","ocean_post_title_style":"","ocean_post_title_background_color":"","ocean_post_title_background":0,"ocean_post_title_bg_image_position":"","ocean_post_title_bg_image_attachment":"","ocean_post_title_bg_image_repeat":"","ocean_post_title_bg_image_size":"","ocean_post_title_height":0,"ocean_post_title_bg_overlay":0.5,"ocean_post_title_bg_overlay_color":"","ocean_disable_breadcrumbs":"default","ocean_breadcrumbs_color":"","ocean_breadcrumbs_separator_color":"","ocean_breadcrumbs_links_color":"","ocean_breadcrumbs_links_hover_color":"","ocean_display_footer_widgets":"default","ocean_display_footer_bottom":"default","ocean_custom_footer_template":"0","footnotes":""},"class_list":["post-3","page","type-page","status-publish","hentry","entry"],"_links":{"self":[{"href":"https:\/\/sitramasterbatch.com\/en\/wp-json\/wp\/v2\/pages\/3","targetHints":{"allow":["GET"]}}],"collection":[{"href":"https:\/\/sitramasterbatch.com\/en\/wp-json\/wp\/v2\/pages"}],"about":[{"href":"https:\/\/sitramasterbatch.com\/en\/wp-json\/wp\/v2\/types\/page"}],"author":[{"embeddable":true,"href":"https:\/\/sitramasterbatch.com\/en\/wp-json\/wp\/v2\/users\/1"}],"replies":[{"embeddable":true,"href":"https:\/\/sitramasterbatch.com\/en\/wp-json\/wp\/v2\/comments?post=3"}],"version-history":[{"count":12,"href":"https:\/\/sitramasterbatch.com\/en\/wp-json\/wp\/v2\/pages\/3\/revisions"}],"predecessor-version":[{"id":1394,"href":"https:\/\/sitramasterbatch.com\/en\/wp-json\/wp\/v2\/pages\/3\/revisions\/1394"}],"wp:attachment":[{"href":"https:\/\/sitramasterbatch.com\/en\/wp-json\/wp\/v2\/media?parent=3"}],"curies":[{"name":"wp","href":"https:\/\/api.w.org\/{rel}","templated":true}]}}